{"id":2304,"date":"2025-07-13T20:15:42","date_gmt":"2025-07-13T17:15:42","guid":{"rendered":"https:\/\/www.kuartzinsaat.com.tr\/?page_id=2304"},"modified":"2025-07-13T20:21:20","modified_gmt":"2025-07-13T17:21:20","slug":"ulastirma-projeleri","status":"publish","type":"page","link":"https:\/\/www.kuartzinsaat.com.tr\/en\/ulastirma-projeleri\/","title":{"rendered":"Ula\u015ft\u0131rma Projeleri"},"content":{"rendered":"<div class=\"wp-block-uagb-container uagb-block-cef93154 alignfull uagb-is-root-container\">\n<div class=\"wp-block-uagb-advanced-heading uagb-block-ee43a231\"><h1 class=\"uagb-heading-text\">Ula\u015ft\u0131rma Projesi<\/h1><\/div>\n<\/div>\n\n\n\n<div class=\"wp-block-uagb-container uagb-block-7e8819e6 alignfull uagb-is-root-container\"><div class=\"uagb-container-inner-blocks-wrap\">\n<div class=\"wp-block-uagb-container uagb-block-a09641ec\">\n<figure class=\"wp-block-image size-full\"><img loading=\"lazy\" decoding=\"async\" width=\"2560\" height=\"1920\" src=\"https:\/\/www.kuartzinsaat.com.tr\/wp-content\/uploads\/2025\/06\/1-min-1-2-3-scaled.jpg\" alt=\"\" class=\"wp-image-2063\" style=\"aspect-ratio:1;object-fit:cover\" srcset=\"https:\/\/www.kuartzinsaat.com.tr\/wp-content\/uploads\/2025\/06\/1-min-1-2-3-scaled.jpg 2560w, https:\/\/www.kuartzinsaat.com.tr\/wp-content\/uploads\/2025\/06\/1-min-1-2-3-300x225.jpg 300w, https:\/\/www.kuartzinsaat.com.tr\/wp-content\/uploads\/2025\/06\/1-min-1-2-3-1024x768.jpg 1024w, https:\/\/www.kuartzinsaat.com.tr\/wp-content\/uploads\/2025\/06\/1-min-1-2-3-768x576.jpg 768w, https:\/\/www.kuartzinsaat.com.tr\/wp-content\/uploads\/2025\/06\/1-min-1-2-3-1536x1152.jpg 1536w, https:\/\/www.kuartzinsaat.com.tr\/wp-content\/uploads\/2025\/06\/1-min-1-2-3-2048x1536.jpg 2048w, https:\/\/www.kuartzinsaat.com.tr\/wp-content\/uploads\/2025\/06\/1-min-1-2-3-16x12.jpg 16w\" sizes=\"auto, (max-width: 2560px) 100vw, 2560px\" \/><\/figure>\n<\/div>\n\n\n\n<div class=\"wp-block-uagb-container uagb-block-4ac7499f\">\n<p>Havaliman\u0131 ve metro gibi ula\u015ft\u0131rma projelerinde deneyim sahibi olan firmam\u0131z, terminal yap\u0131lar\u0131, destek ve hizmet binalar\u0131 ve \u00fcniteleri, mevcut yap\u0131larda g\u00fc\u00e7lendirme hizmetleri ve tadilat projeleri, farkl\u0131 disiplinlerin entegrasyonlar\u0131n\u0131 gerektiren kompleks yap\u0131lar gibi projelerde anahtar teslim veya teknik imalat bazl\u0131 hizmetler sunmaktad\u0131r. Yo\u011fun insan ve ara\u00e7 trafi\u011fine maruz kalan bu tip projelerde in\u015faat uygulamalar\u0131, elektrik-elektronik ve IT altyap\u0131 sistemleri, mekanik tesisat sistemleri gibi uygulamalar\u0131n birbirleriyle karma\u015f\u0131k entegrasyonlar\u0131n\u0131 projelendirme, uygulama ve i\u015fletmeye haz\u0131r halde teslim hizmetleri sunularak projenin t\u00fcm s\u00fcre\u00e7leri ba\u015far\u0131yla y\u00fcr\u00fct\u00fclmektedir.\u00a0 Sivil ve askeri hava sahalar\u0131nda terminal yap\u0131lar\u0131, apron kap\u0131lar\u0131, end\u00fcstriyel hizmet yap\u0131lar\u0131, hangar binalar\u0131, sim\u00fclasyon ve e\u011fitim merkezleri, santral binalar\u0131, u\u00e7u\u015f kontrol yap\u0131lar\u0131 gibi yap\u0131lar ve \u015fehir i\u00e7i metro istasyonlar\u0131, ara\u00e7 ve vagon depolama ve bak\u0131m merkezleri gibi projelerde elde etti\u011fimiz teknik deneyimi profesyonel s\u00fcre\u00e7 y\u00f6netimi sistemlerimizle birle\u015ftirerek optimal verim esas\u0131 ile \u00e7al\u0131\u015fmaktay\u0131z.<br><\/p>\n<\/div>\n<\/div><\/div>\n\n\n\n<p><\/p>","protected":false},"excerpt":{"rendered":"<p>Ula\u015ft\u0131rma Projesi Havaliman\u0131 ve metro gibi ula\u015ft\u0131rma projelerinde deneyim sahibi olan firmam\u0131z, terminal yap\u0131lar\u0131, destek ve hizmet binalar\u0131 ve \u00fcniteleri, mevcut yap\u0131larda g\u00fc\u00e7lendirme hizmetleri ve tadilat projeleri, farkl\u0131 disiplinlerin entegrasyonlar\u0131n\u0131 gerektiren kompleks yap\u0131lar gibi projelerde anahtar teslim veya teknik imalat bazl\u0131 hizmetler sunmaktad\u0131r. Yo\u011fun insan ve ara\u00e7 trafi\u011fine maruz kalan bu tip projelerde in\u015faat uygulamalar\u0131, [&hellip;]<\/p>","protected":false},"author":1,"featured_media":0,"parent":0,"menu_order":0,"comment_status":"closed","ping_status":"closed","template":"","meta":{"_uag_custom_page_level_css":"","site-sidebar-layout":"default","site-content-layout":"","ast-site-content-layout":"normal-width-container","site-content-style":"unboxed","site-sidebar-style":"default","ast-global-header-display":"","ast-banner-title-visibility":"","ast-main-header-display":"","ast-hfb-above-header-display":"","ast-hfb-below-header-display":"","ast-hfb-mobile-header-display":"","site-post-title":"disabled","ast-breadcrumbs-content":"","ast-featured-img":"","footer-sml-layout":"","theme-transparent-header-meta":"enabled","adv-header-id-meta":"","stick-header-meta":"","header-above-stick-meta":"","header-main-stick-meta":"","header-below-stick-meta":"","astra-migrate-meta-layouts":"set","ast-page-background-enabled":"default","ast-page-background-meta":{"desktop":{"background-color":"var(--ast-global-color-4)","background-image":"","background-repeat":"repeat","background-position":"center center","background-size":"auto","background-attachment":"scroll","background-type":"","background-media":"","overlay-type":"","overlay-color":"","overlay-opacity":"","overlay-gradient":""},"tablet":{"background-color":"","background-image":"","background-repeat":"repeat","background-position":"center center","background-size":"auto","background-attachment":"scroll","background-type":"","background-media":"","overlay-type":"","overlay-color":"","overlay-opacity":"","overlay-gradient":""},"mobile":{"background-color":"","background-image":"","background-repeat":"repeat","background-position":"center center","background-size":"auto","background-attachment":"scroll","background-type":"","background-media":"","overlay-type":"","overlay-color":"","overlay-opacity":"","overlay-gradient":""}},"ast-content-background-meta":{"desktop":{"background-color":"var(--ast-global-color-5)","background-image":"","background-repeat":"repeat","background-position":"center center","background-size":"auto","background-attachment":"scroll","background-type":"","background-media":"","overlay-type":"","overlay-color":"","overlay-opacity":"","overlay-gradient":""},"tablet":{"background-color":"var(--ast-global-color-5)","background-image":"","background-repeat":"repeat","background-position":"center center","background-size":"auto","background-attachment":"scroll","background-type":"","background-media":"","overlay-type":"","overlay-color":"","overlay-opacity":"","overlay-gradient":""},"mobile":{"background-color":"var(--ast-global-color-5)","background-image":"","background-repeat":"repeat","background-position":"center center","background-size":"auto","background-attachment":"scroll","background-type":"","background-media":"","overlay-type":"","overlay-color":"","overlay-opacity":"","overlay-gradient":""}},"footnotes":""},"class_list":["post-2304","page","type-page","status-publish","hentry"],"uagb_featured_image_src":{"full":false,"thumbnail":false,"medium":false,"medium_large":false,"large":false,"1536x1536":false,"2048x2048":false,"trp-custom-language-flag":false},"uagb_author_info":{"display_name":"admin","author_link":"https:\/\/www.kuartzinsaat.com.tr\/en\/author\/admin\/"},"uagb_comment_info":0,"uagb_excerpt":"Ula\u015ft\u0131rma Projesi Havaliman\u0131 ve metro gibi ula\u015ft\u0131rma projelerinde deneyim sahibi olan firmam\u0131z, terminal yap\u0131lar\u0131, destek ve hizmet binalar\u0131 ve \u00fcniteleri, mevcut yap\u0131larda g\u00fc\u00e7lendirme hizmetleri ve tadilat projeleri, farkl\u0131 disiplinlerin entegrasyonlar\u0131n\u0131 gerektiren kompleks yap\u0131lar gibi projelerde anahtar teslim veya teknik imalat bazl\u0131 hizmetler sunmaktad\u0131r. Yo\u011fun insan ve ara\u00e7 trafi\u011fine maruz kalan bu tip projelerde in\u015faat uygulamalar\u0131,&hellip;","_links":{"self":[{"href":"https:\/\/www.kuartzinsaat.com.tr\/en\/wp-json\/wp\/v2\/pages\/2304","targetHints":{"allow":["GET"]}}],"collection":[{"href":"https:\/\/www.kuartzinsaat.com.tr\/en\/wp-json\/wp\/v2\/pages"}],"about":[{"href":"https:\/\/www.kuartzinsaat.com.tr\/en\/wp-json\/wp\/v2\/types\/page"}],"author":[{"embeddable":true,"href":"https:\/\/www.kuartzinsaat.com.tr\/en\/wp-json\/wp\/v2\/users\/1"}],"replies":[{"embeddable":true,"href":"https:\/\/www.kuartzinsaat.com.tr\/en\/wp-json\/wp\/v2\/comments?post=2304"}],"version-history":[{"count":5,"href":"https:\/\/www.kuartzinsaat.com.tr\/en\/wp-json\/wp\/v2\/pages\/2304\/revisions"}],"predecessor-version":[{"id":2310,"href":"https:\/\/www.kuartzinsaat.com.tr\/en\/wp-json\/wp\/v2\/pages\/2304\/revisions\/2310"}],"wp:attachment":[{"href":"https:\/\/www.kuartzinsaat.com.tr\/en\/wp-json\/wp\/v2\/media?parent=2304"}],"curies":[{"name":"wp","href":"https:\/\/api.w.org\/{rel}","templated":true}]}}