{"id":2312,"date":"2025-07-13T20:24:05","date_gmt":"2025-07-13T17:24:05","guid":{"rendered":"https:\/\/www.kuartzinsaat.com.tr\/?page_id=2312"},"modified":"2025-07-13T20:25:25","modified_gmt":"2025-07-13T17:25:25","slug":"alisveris-merkezleri","status":"publish","type":"page","link":"https:\/\/www.kuartzinsaat.com.tr\/en\/alisveris-merkezleri\/","title":{"rendered":"Al\u0131\u015fveri\u015f Merkezleri"},"content":{"rendered":"<div class=\"wp-block-uagb-container uagb-block-cef93154 alignfull uagb-is-root-container\"><div class=\"uagb-container-inner-blocks-wrap\">\n<div class=\"wp-block-uagb-advanced-heading uagb-block-ee43a231\"><h1 class=\"uagb-heading-text\">Al\u0131\u015fveri\u015f Merkezleri<\/h1><\/div>\n<\/div><\/div>\n\n\n\n<div class=\"wp-block-uagb-container uagb-block-7e8819e6 alignfull uagb-is-root-container\"><div class=\"uagb-container-inner-blocks-wrap\">\n<div class=\"wp-block-uagb-container uagb-block-a09641ec\">\n<figure class=\"wp-block-image size-full\"><img loading=\"lazy\" decoding=\"async\" width=\"1280\" height=\"610\" src=\"https:\/\/www.kuartzinsaat.com.tr\/wp-content\/uploads\/2025\/07\/slide1-1.jpg\" alt=\"\" class=\"wp-image-2241\" style=\"aspect-ratio:1;object-fit:cover\" srcset=\"https:\/\/www.kuartzinsaat.com.tr\/wp-content\/uploads\/2025\/07\/slide1-1.jpg 1280w, https:\/\/www.kuartzinsaat.com.tr\/wp-content\/uploads\/2025\/07\/slide1-1-300x143.jpg 300w, https:\/\/www.kuartzinsaat.com.tr\/wp-content\/uploads\/2025\/07\/slide1-1-1024x488.jpg 1024w, https:\/\/www.kuartzinsaat.com.tr\/wp-content\/uploads\/2025\/07\/slide1-1-768x366.jpg 768w, https:\/\/www.kuartzinsaat.com.tr\/wp-content\/uploads\/2025\/07\/slide1-1-18x9.jpg 18w\" sizes=\"auto, (max-width: 1280px) 100vw, 1280px\" \/><\/figure>\n<\/div>\n\n\n\n<div class=\"wp-block-uagb-container uagb-block-4ac7499f\">\n<p>T\u00fcrkiye ve Avrupa\u2019n\u0131n en b\u00fcy\u00fck al\u0131\u015fveri\u015f merkezi Forum \u0130stanbul AVM dahil olmak \u00fczere yer ald\u0131\u011f\u0131m\u0131z 18 adet al\u0131\u015fveri\u015f merkezi projesi ile firmam\u0131z bu alanda ciddi bir deneyime sahip olmu\u015ftur. Mimari kaplama sistemlerinin yo\u011fun olarak kullan\u0131ld\u0131\u011f\u0131 bu tip projelerde her projeye \u00f6zg\u00fc tasarlanan imza mahallerin projelendirilmesi ve uygulanmas\u0131 a\u015famalar\u0131nda elde etti\u011fimiz birikim ile farkl\u0131 materyaller ve in\u015fai sistemler aras\u0131 ge\u00e7i\u015flerin \u00e7\u00f6z\u00fclmesinde g\u00fc\u00e7l\u00fc bir bilgi sistemi elde edilmi\u015ftir. Al\u0131\u015fveri\u015f merkezi projelerinin ma\u011faza konseptlerine ba\u011fl\u0131 olarak s\u00fcrekli revizyona u\u011framas\u0131 bu tip projelerde imalat kalitesi kadar s\u00fcre\u00e7 y\u00f6netiminin de \u00f6n plana \u00e7\u0131kmas\u0131n\u0131 sa\u011flamaktad\u0131r. Firmam\u0131z proje de\u011fi\u015fikliklerinin yo\u011fun ya\u015fand\u0131\u011f\u0131 bu tip projelerde bile a\u00e7\u0131l\u0131\u015f tarihlerinin \u00f6nemini kavrayarak sadece teknik anlamda de\u011fil s\u00fcre\u00e7 y\u00f6netimi a\u00e7\u0131s\u0131ndan da \u00e7\u00f6z\u00fcm ortakl\u0131\u011f\u0131 yapabilme kapasitesine ula\u015fm\u0131\u015f ender firmalardan birisidir.<br><\/p>\n<\/div>\n<\/div><\/div>","protected":false},"excerpt":{"rendered":"<p>Al\u0131\u015fveri\u015f Merkezleri T\u00fcrkiye ve Avrupa\u2019n\u0131n en b\u00fcy\u00fck al\u0131\u015fveri\u015f merkezi Forum \u0130stanbul AVM dahil olmak \u00fczere yer ald\u0131\u011f\u0131m\u0131z 18 adet al\u0131\u015fveri\u015f merkezi projesi ile firmam\u0131z bu alanda ciddi bir deneyime sahip olmu\u015ftur. Mimari kaplama sistemlerinin yo\u011fun olarak kullan\u0131ld\u0131\u011f\u0131 bu tip projelerde her projeye \u00f6zg\u00fc tasarlanan imza mahallerin projelendirilmesi ve uygulanmas\u0131 a\u015famalar\u0131nda elde etti\u011fimiz birikim ile farkl\u0131 [&hellip;]<\/p>","protected":false},"author":1,"featured_media":0,"parent":0,"menu_order":0,"comment_status":"closed","ping_status":"closed","template":"","meta":{"_uag_custom_page_level_css":"","site-sidebar-layout":"default","site-content-layout":"","ast-site-content-layout":"normal-width-container","site-content-style":"unboxed","site-sidebar-style":"default","ast-global-header-display":"","ast-banner-title-visibility":"","ast-main-header-display":"","ast-hfb-above-header-display":"","ast-hfb-below-header-display":"","ast-hfb-mobile-header-display":"","site-post-title":"disabled","ast-breadcrumbs-content":"","ast-featured-img":"","footer-sml-layout":"","theme-transparent-header-meta":"enabled","adv-header-id-meta":"","stick-header-meta":"","header-above-stick-meta":"","header-main-stick-meta":"","header-below-stick-meta":"","astra-migrate-meta-layouts":"set","ast-page-background-enabled":"default","ast-page-background-meta":{"desktop":{"background-color":"var(--ast-global-color-4)","background-image":"","background-repeat":"repeat","background-position":"center center","background-size":"auto","background-attachment":"scroll","background-type":"","background-media":"","overlay-type":"","overlay-color":"","overlay-opacity":"","overlay-gradient":""},"tablet":{"background-color":"","background-image":"","background-repeat":"repeat","background-position":"center center","background-size":"auto","background-attachment":"scroll","background-type":"","background-media":"","overlay-type":"","overlay-color":"","overlay-opacity":"","overlay-gradient":""},"mobile":{"background-color":"","background-image":"","background-repeat":"repeat","background-position":"center center","background-size":"auto","background-attachment":"scroll","background-type":"","background-media":"","overlay-type":"","overlay-color":"","overlay-opacity":"","overlay-gradient":""}},"ast-content-background-meta":{"desktop":{"background-color":"var(--ast-global-color-5)","background-image":"","background-repeat":"repeat","background-position":"center center","background-size":"auto","background-attachment":"scroll","background-type":"","background-media":"","overlay-type":"","overlay-color":"","overlay-opacity":"","overlay-gradient":""},"tablet":{"background-color":"var(--ast-global-color-5)","background-image":"","background-repeat":"repeat","background-position":"center center","background-size":"auto","background-attachment":"scroll","background-type":"","background-media":"","overlay-type":"","overlay-color":"","overlay-opacity":"","overlay-gradient":""},"mobile":{"background-color":"var(--ast-global-color-5)","background-image":"","background-repeat":"repeat","background-position":"center center","background-size":"auto","background-attachment":"scroll","background-type":"","background-media":"","overlay-type":"","overlay-color":"","overlay-opacity":"","overlay-gradient":""}},"footnotes":""},"class_list":["post-2312","page","type-page","status-publish","hentry"],"uagb_featured_image_src":{"full":false,"thumbnail":false,"medium":false,"medium_large":false,"large":false,"1536x1536":false,"2048x2048":false,"trp-custom-language-flag":false},"uagb_author_info":{"display_name":"admin","author_link":"https:\/\/www.kuartzinsaat.com.tr\/en\/author\/admin\/"},"uagb_comment_info":0,"uagb_excerpt":"Al\u0131\u015fveri\u015f Merkezleri T\u00fcrkiye ve Avrupa\u2019n\u0131n en b\u00fcy\u00fck al\u0131\u015fveri\u015f merkezi Forum \u0130stanbul AVM dahil olmak \u00fczere yer ald\u0131\u011f\u0131m\u0131z 18 adet al\u0131\u015fveri\u015f merkezi projesi ile firmam\u0131z bu alanda ciddi bir deneyime sahip olmu\u015ftur. Mimari kaplama sistemlerinin yo\u011fun olarak kullan\u0131ld\u0131\u011f\u0131 bu tip projelerde her projeye \u00f6zg\u00fc tasarlanan imza mahallerin projelendirilmesi ve uygulanmas\u0131 a\u015famalar\u0131nda elde etti\u011fimiz birikim ile farkl\u0131&hellip;","_links":{"self":[{"href":"https:\/\/www.kuartzinsaat.com.tr\/en\/wp-json\/wp\/v2\/pages\/2312","targetHints":{"allow":["GET"]}}],"collection":[{"href":"https:\/\/www.kuartzinsaat.com.tr\/en\/wp-json\/wp\/v2\/pages"}],"about":[{"href":"https:\/\/www.kuartzinsaat.com.tr\/en\/wp-json\/wp\/v2\/types\/page"}],"author":[{"embeddable":true,"href":"https:\/\/www.kuartzinsaat.com.tr\/en\/wp-json\/wp\/v2\/users\/1"}],"replies":[{"embeddable":true,"href":"https:\/\/www.kuartzinsaat.com.tr\/en\/wp-json\/wp\/v2\/comments?post=2312"}],"version-history":[{"count":3,"href":"https:\/\/www.kuartzinsaat.com.tr\/en\/wp-json\/wp\/v2\/pages\/2312\/revisions"}],"predecessor-version":[{"id":2315,"href":"https:\/\/www.kuartzinsaat.com.tr\/en\/wp-json\/wp\/v2\/pages\/2312\/revisions\/2315"}],"wp:attachment":[{"href":"https:\/\/www.kuartzinsaat.com.tr\/en\/wp-json\/wp\/v2\/media?parent=2312"}],"curies":[{"name":"wp","href":"https:\/\/api.w.org\/{rel}","templated":true}]}}