{"id":2316,"date":"2025-07-13T20:50:37","date_gmt":"2025-07-13T17:50:37","guid":{"rendered":"https:\/\/www.kuartzinsaat.com.tr\/?page_id=2316"},"modified":"2025-07-13T20:50:37","modified_gmt":"2025-07-13T17:50:37","slug":"hastaneler","status":"publish","type":"page","link":"https:\/\/www.kuartzinsaat.com.tr\/en\/hastaneler\/","title":{"rendered":"Hastaneler"},"content":{"rendered":"<div class=\"wp-block-uagb-container uagb-block-cef93154 alignfull uagb-is-root-container\">\n<div class=\"wp-block-uagb-advanced-heading uagb-block-ee43a231\"><h1 class=\"uagb-heading-text\">Hastaneler<\/h1><\/div>\n<\/div>\n\n\n\n<div class=\"wp-block-uagb-container uagb-block-7e8819e6 alignfull uagb-is-root-container\"><div class=\"uagb-container-inner-blocks-wrap\">\n<div class=\"wp-block-uagb-container uagb-block-a09641ec\">\n<figure class=\"wp-block-image size-full\"><img loading=\"lazy\" decoding=\"async\" width=\"1280\" height=\"853\" src=\"https:\/\/www.kuartzinsaat.com.tr\/wp-content\/uploads\/2025\/07\/6-1.jpg\" alt=\"\" class=\"wp-image-2318\" style=\"aspect-ratio:1;object-fit:cover\" srcset=\"https:\/\/www.kuartzinsaat.com.tr\/wp-content\/uploads\/2025\/07\/6-1.jpg 1280w, https:\/\/www.kuartzinsaat.com.tr\/wp-content\/uploads\/2025\/07\/6-1-300x200.jpg 300w, https:\/\/www.kuartzinsaat.com.tr\/wp-content\/uploads\/2025\/07\/6-1-1024x682.jpg 1024w, https:\/\/www.kuartzinsaat.com.tr\/wp-content\/uploads\/2025\/07\/6-1-768x512.jpg 768w, https:\/\/www.kuartzinsaat.com.tr\/wp-content\/uploads\/2025\/07\/6-1-18x12.jpg 18w\" sizes=\"auto, (max-width: 1280px) 100vw, 1280px\" \/><\/figure>\n<\/div>\n\n\n\n<div class=\"wp-block-uagb-container uagb-block-4ac7499f\">\n<p>Yo\u011fun bak\u0131m odalar\u0131, ameliyathaneler, hasta g\u00f6zlem odalar\u0131 gibi yo\u011fun derecede sterilizasyon gerektiren \u00f6zelle\u015ftirilmi\u015f mahaller ile poliklinikler, idari birimler, depolama ve sevk alanlar\u0131 gibi asgari hijyen gerektiren mahalleri bir arada bar\u0131nd\u0131ran hastane projeleri standart yap\u0131sal imalatlar haricinde \u00f6zel materyallerin kullan\u0131ld\u0131\u011f\u0131 yap\u0131lard\u0131r. Kur\u015fun kaplamal\u0131 duvar sistemleri, ses yal\u0131t\u0131ml\u0131 oda tasar\u0131mlar\u0131, radyasyon yal\u0131t\u0131ml\u0131 mahaller, so\u011fuk odalar, pn\u00f6matik t\u00fcp sistemleri gibi projeye \u00f6zel \u00e7\u00f6z\u00fcmlerin yo\u011fun kullan\u0131ld\u0131\u011f\u0131 bu tip yap\u0131larda lobi giri\u015fleri ve cephe sistemlerinde de \u00f6zel tasar\u0131m mimari uygulamalara s\u0131kl\u0131kla rastlanmaktad\u0131r. Firmam\u0131z bu tip nitelikli ve \u00f6zel uygulamalarda elde etti\u011fi deneyim ile tam te\u015fekk\u00fcll\u00fc hastane projelerini y\u00f6netme kapasitesine sahiptir.<br><\/p>\n<\/div>\n<\/div><\/div>","protected":false},"excerpt":{"rendered":"<p>Hastaneler Yo\u011fun bak\u0131m odalar\u0131, ameliyathaneler, hasta g\u00f6zlem odalar\u0131 gibi yo\u011fun derecede sterilizasyon gerektiren \u00f6zelle\u015ftirilmi\u015f mahaller ile poliklinikler, idari birimler, depolama ve sevk alanlar\u0131 gibi asgari hijyen gerektiren mahalleri bir arada bar\u0131nd\u0131ran hastane projeleri standart yap\u0131sal imalatlar haricinde \u00f6zel materyallerin kullan\u0131ld\u0131\u011f\u0131 yap\u0131lard\u0131r. Kur\u015fun kaplamal\u0131 duvar sistemleri, ses yal\u0131t\u0131ml\u0131 oda tasar\u0131mlar\u0131, radyasyon yal\u0131t\u0131ml\u0131 mahaller, so\u011fuk odalar, pn\u00f6matik [&hellip;]<\/p>","protected":false},"author":1,"featured_media":0,"parent":0,"menu_order":0,"comment_status":"closed","ping_status":"closed","template":"","meta":{"_uag_custom_page_level_css":"","site-sidebar-layout":"default","site-content-layout":"","ast-site-content-layout":"normal-width-container","site-content-style":"unboxed","site-sidebar-style":"default","ast-global-header-display":"","ast-banner-title-visibility":"","ast-main-header-display":"","ast-hfb-above-header-display":"","ast-hfb-below-header-display":"","ast-hfb-mobile-header-display":"","site-post-title":"disabled","ast-breadcrumbs-content":"","ast-featured-img":"","footer-sml-layout":"","theme-transparent-header-meta":"enabled","adv-header-id-meta":"","stick-header-meta":"","header-above-stick-meta":"","header-main-stick-meta":"","header-below-stick-meta":"","astra-migrate-meta-layouts":"set","ast-page-background-enabled":"default","ast-page-background-meta":{"desktop":{"background-color":"var(--ast-global-color-4)","background-image":"","background-repeat":"repeat","background-position":"center center","background-size":"auto","background-attachment":"scroll","background-type":"","background-media":"","overlay-type":"","overlay-color":"","overlay-opacity":"","overlay-gradient":""},"tablet":{"background-color":"","background-image":"","background-repeat":"repeat","background-position":"center center","background-size":"auto","background-attachment":"scroll","background-type":"","background-media":"","overlay-type":"","overlay-color":"","overlay-opacity":"","overlay-gradient":""},"mobile":{"background-color":"","background-image":"","background-repeat":"repeat","background-position":"center center","background-size":"auto","background-attachment":"scroll","background-type":"","background-media":"","overlay-type":"","overlay-color":"","overlay-opacity":"","overlay-gradient":""}},"ast-content-background-meta":{"desktop":{"background-color":"var(--ast-global-color-5)","background-image":"","background-repeat":"repeat","background-position":"center center","background-size":"auto","background-attachment":"scroll","background-type":"","background-media":"","overlay-type":"","overlay-color":"","overlay-opacity":"","overlay-gradient":""},"tablet":{"background-color":"var(--ast-global-color-5)","background-image":"","background-repeat":"repeat","background-position":"center center","background-size":"auto","background-attachment":"scroll","background-type":"","background-media":"","overlay-type":"","overlay-color":"","overlay-opacity":"","overlay-gradient":""},"mobile":{"background-color":"var(--ast-global-color-5)","background-image":"","background-repeat":"repeat","background-position":"center center","background-size":"auto","background-attachment":"scroll","background-type":"","background-media":"","overlay-type":"","overlay-color":"","overlay-opacity":"","overlay-gradient":""}},"footnotes":""},"class_list":["post-2316","page","type-page","status-publish","hentry"],"uagb_featured_image_src":{"full":false,"thumbnail":false,"medium":false,"medium_large":false,"large":false,"1536x1536":false,"2048x2048":false,"trp-custom-language-flag":false},"uagb_author_info":{"display_name":"admin","author_link":"https:\/\/www.kuartzinsaat.com.tr\/en\/author\/admin\/"},"uagb_comment_info":0,"uagb_excerpt":"Hastaneler Yo\u011fun bak\u0131m odalar\u0131, ameliyathaneler, hasta g\u00f6zlem odalar\u0131 gibi yo\u011fun derecede sterilizasyon gerektiren \u00f6zelle\u015ftirilmi\u015f mahaller ile poliklinikler, idari birimler, depolama ve sevk alanlar\u0131 gibi asgari hijyen gerektiren mahalleri bir arada bar\u0131nd\u0131ran hastane projeleri standart yap\u0131sal imalatlar haricinde \u00f6zel materyallerin kullan\u0131ld\u0131\u011f\u0131 yap\u0131lard\u0131r. Kur\u015fun kaplamal\u0131 duvar sistemleri, ses yal\u0131t\u0131ml\u0131 oda tasar\u0131mlar\u0131, radyasyon yal\u0131t\u0131ml\u0131 mahaller, so\u011fuk odalar, pn\u00f6matik&hellip;","_links":{"self":[{"href":"https:\/\/www.kuartzinsaat.com.tr\/en\/wp-json\/wp\/v2\/pages\/2316","targetHints":{"allow":["GET"]}}],"collection":[{"href":"https:\/\/www.kuartzinsaat.com.tr\/en\/wp-json\/wp\/v2\/pages"}],"about":[{"href":"https:\/\/www.kuartzinsaat.com.tr\/en\/wp-json\/wp\/v2\/types\/page"}],"author":[{"embeddable":true,"href":"https:\/\/www.kuartzinsaat.com.tr\/en\/wp-json\/wp\/v2\/users\/1"}],"replies":[{"embeddable":true,"href":"https:\/\/www.kuartzinsaat.com.tr\/en\/wp-json\/wp\/v2\/comments?post=2316"}],"version-history":[{"count":1,"href":"https:\/\/www.kuartzinsaat.com.tr\/en\/wp-json\/wp\/v2\/pages\/2316\/revisions"}],"predecessor-version":[{"id":2319,"href":"https:\/\/www.kuartzinsaat.com.tr\/en\/wp-json\/wp\/v2\/pages\/2316\/revisions\/2319"}],"wp:attachment":[{"href":"https:\/\/www.kuartzinsaat.com.tr\/en\/wp-json\/wp\/v2\/media?parent=2316"}],"curies":[{"name":"wp","href":"https:\/\/api.w.org\/{rel}","templated":true}]}}