{"id":2321,"date":"2025-07-13T20:52:40","date_gmt":"2025-07-13T17:52:40","guid":{"rendered":"https:\/\/www.kuartzinsaat.com.tr\/?page_id=2321"},"modified":"2025-07-13T20:52:40","modified_gmt":"2025-07-13T17:52:40","slug":"oteller","status":"publish","type":"page","link":"https:\/\/www.kuartzinsaat.com.tr\/en\/oteller\/","title":{"rendered":"Oteller"},"content":{"rendered":"<div class=\"wp-block-uagb-container uagb-block-cef93154 alignfull uagb-is-root-container\">\n<div class=\"wp-block-uagb-advanced-heading uagb-block-ee43a231\"><h1 class=\"uagb-heading-text\">Oteller<\/h1><\/div>\n<\/div>\n\n\n\n<div class=\"wp-block-uagb-container uagb-block-7e8819e6 alignfull uagb-is-root-container\"><div class=\"uagb-container-inner-blocks-wrap\">\n<div class=\"wp-block-uagb-container uagb-block-a09641ec\">\n<figure class=\"wp-block-image size-full\"><img loading=\"lazy\" decoding=\"async\" width=\"1200\" height=\"800\" src=\"https:\/\/www.kuartzinsaat.com.tr\/wp-content\/uploads\/2025\/07\/9.jpg\" alt=\"\" class=\"wp-image-2322\" style=\"aspect-ratio:1;object-fit:cover\" srcset=\"https:\/\/www.kuartzinsaat.com.tr\/wp-content\/uploads\/2025\/07\/9.jpg 1200w, https:\/\/www.kuartzinsaat.com.tr\/wp-content\/uploads\/2025\/07\/9-300x200.jpg 300w, https:\/\/www.kuartzinsaat.com.tr\/wp-content\/uploads\/2025\/07\/9-1024x683.jpg 1024w, https:\/\/www.kuartzinsaat.com.tr\/wp-content\/uploads\/2025\/07\/9-768x512.jpg 768w, https:\/\/www.kuartzinsaat.com.tr\/wp-content\/uploads\/2025\/07\/9-18x12.jpg 18w\" sizes=\"auto, (max-width: 1200px) 100vw, 1200px\" \/><\/figure>\n<\/div>\n\n\n\n<div class=\"wp-block-uagb-container uagb-block-4ac7499f\">\n<p>Ses ve yang\u0131n yal\u0131t\u0131m\u0131 gibi teknik uygulamalar\u0131n\u0131n yo\u011fun olarak kullan\u0131ld\u0131\u011f\u0131 otel projeleri, konaklayan m\u00fc\u015fterilerin konfor ve estetik kayg\u0131lar\u0131na en iyi hizmeti sunacak \u015fekilde tasarlanmas\u0131 nedeni ile kaplama teknolojilerinin karma\u015f\u0131k kullan\u0131m\u0131n\u0131n g\u00f6r\u00fcld\u00fc\u011f\u00fc nitelikte projelerdir. Farkl\u0131 disiplinlerdeki imalatlar\u0131n yo\u011fun ve i\u00e7 i\u00e7e devam ettirilmesi, dar mahallerde pek \u00e7ok imalat\u0131n y\u00fcksek kalite standartlar\u0131nda uygulanmas\u0131, proje s\u00fcrelerinin kat\u0131 ve de\u011fi\u015ftirilemez olmas\u0131 gibi hususlar otel projelerinde teknik deneyim kadar s\u00fcre\u00e7 ve kalite y\u00f6netiminin de ciddi \u015fekilde uygulanmas\u0131n\u0131 gerektirir. Firmam\u0131z farkl\u0131 sekt\u00f6rlerden elde etti\u011fi tecr\u00fcbeler ile otel projelerinin h\u0131zl\u0131, verimli ve kaliteli \u015fekilde y\u00fcr\u00fct\u00fclmesinde ciddi bir \u00e7\u00f6z\u00fcm orta\u011f\u0131 olarak \u00e7al\u0131\u015fmaktad\u0131r.<\/p>\n<\/div>\n<\/div><\/div>","protected":false},"excerpt":{"rendered":"<p>Oteller Ses ve yang\u0131n yal\u0131t\u0131m\u0131 gibi teknik uygulamalar\u0131n\u0131n yo\u011fun olarak kullan\u0131ld\u0131\u011f\u0131 otel projeleri, konaklayan m\u00fc\u015fterilerin konfor ve estetik kayg\u0131lar\u0131na en iyi hizmeti sunacak \u015fekilde tasarlanmas\u0131 nedeni ile kaplama teknolojilerinin karma\u015f\u0131k kullan\u0131m\u0131n\u0131n g\u00f6r\u00fcld\u00fc\u011f\u00fc nitelikte projelerdir. Farkl\u0131 disiplinlerdeki imalatlar\u0131n yo\u011fun ve i\u00e7 i\u00e7e devam ettirilmesi, dar mahallerde pek \u00e7ok imalat\u0131n y\u00fcksek kalite standartlar\u0131nda uygulanmas\u0131, proje s\u00fcrelerinin kat\u0131 [&hellip;]<\/p>","protected":false},"author":1,"featured_media":0,"parent":0,"menu_order":0,"comment_status":"closed","ping_status":"closed","template":"","meta":{"_uag_custom_page_level_css":"","site-sidebar-layout":"default","site-content-layout":"","ast-site-content-layout":"normal-width-container","site-content-style":"unboxed","site-sidebar-style":"default","ast-global-header-display":"","ast-banner-title-visibility":"","ast-main-header-display":"","ast-hfb-above-header-display":"","ast-hfb-below-header-display":"","ast-hfb-mobile-header-display":"","site-post-title":"disabled","ast-breadcrumbs-content":"","ast-featured-img":"","footer-sml-layout":"","theme-transparent-header-meta":"enabled","adv-header-id-meta":"","stick-header-meta":"","header-above-stick-meta":"","header-main-stick-meta":"","header-below-stick-meta":"","astra-migrate-meta-layouts":"set","ast-page-background-enabled":"default","ast-page-background-meta":{"desktop":{"background-color":"var(--ast-global-color-4)","background-image":"","background-repeat":"repeat","background-position":"center center","background-size":"auto","background-attachment":"scroll","background-type":"","background-media":"","overlay-type":"","overlay-color":"","overlay-opacity":"","overlay-gradient":""},"tablet":{"background-color":"","background-image":"","background-repeat":"repeat","background-position":"center center","background-size":"auto","background-attachment":"scroll","background-type":"","background-media":"","overlay-type":"","overlay-color":"","overlay-opacity":"","overlay-gradient":""},"mobile":{"background-color":"","background-image":"","background-repeat":"repeat","background-position":"center center","background-size":"auto","background-attachment":"scroll","background-type":"","background-media":"","overlay-type":"","overlay-color":"","overlay-opacity":"","overlay-gradient":""}},"ast-content-background-meta":{"desktop":{"background-color":"var(--ast-global-color-5)","background-image":"","background-repeat":"repeat","background-position":"center center","background-size":"auto","background-attachment":"scroll","background-type":"","background-media":"","overlay-type":"","overlay-color":"","overlay-opacity":"","overlay-gradient":""},"tablet":{"background-color":"var(--ast-global-color-5)","background-image":"","background-repeat":"repeat","background-position":"center center","background-size":"auto","background-attachment":"scroll","background-type":"","background-media":"","overlay-type":"","overlay-color":"","overlay-opacity":"","overlay-gradient":""},"mobile":{"background-color":"var(--ast-global-color-5)","background-image":"","background-repeat":"repeat","background-position":"center center","background-size":"auto","background-attachment":"scroll","background-type":"","background-media":"","overlay-type":"","overlay-color":"","overlay-opacity":"","overlay-gradient":""}},"footnotes":""},"class_list":["post-2321","page","type-page","status-publish","hentry"],"uagb_featured_image_src":{"full":false,"thumbnail":false,"medium":false,"medium_large":false,"large":false,"1536x1536":false,"2048x2048":false,"trp-custom-language-flag":false},"uagb_author_info":{"display_name":"admin","author_link":"https:\/\/www.kuartzinsaat.com.tr\/en\/author\/admin\/"},"uagb_comment_info":0,"uagb_excerpt":"Oteller Ses ve yang\u0131n yal\u0131t\u0131m\u0131 gibi teknik uygulamalar\u0131n\u0131n yo\u011fun olarak kullan\u0131ld\u0131\u011f\u0131 otel projeleri, konaklayan m\u00fc\u015fterilerin konfor ve estetik kayg\u0131lar\u0131na en iyi hizmeti sunacak \u015fekilde tasarlanmas\u0131 nedeni ile kaplama teknolojilerinin karma\u015f\u0131k kullan\u0131m\u0131n\u0131n g\u00f6r\u00fcld\u00fc\u011f\u00fc nitelikte projelerdir. Farkl\u0131 disiplinlerdeki imalatlar\u0131n yo\u011fun ve i\u00e7 i\u00e7e devam ettirilmesi, dar mahallerde pek \u00e7ok imalat\u0131n y\u00fcksek kalite standartlar\u0131nda uygulanmas\u0131, proje s\u00fcrelerinin kat\u0131&hellip;","_links":{"self":[{"href":"https:\/\/www.kuartzinsaat.com.tr\/en\/wp-json\/wp\/v2\/pages\/2321","targetHints":{"allow":["GET"]}}],"collection":[{"href":"https:\/\/www.kuartzinsaat.com.tr\/en\/wp-json\/wp\/v2\/pages"}],"about":[{"href":"https:\/\/www.kuartzinsaat.com.tr\/en\/wp-json\/wp\/v2\/types\/page"}],"author":[{"embeddable":true,"href":"https:\/\/www.kuartzinsaat.com.tr\/en\/wp-json\/wp\/v2\/users\/1"}],"replies":[{"embeddable":true,"href":"https:\/\/www.kuartzinsaat.com.tr\/en\/wp-json\/wp\/v2\/comments?post=2321"}],"version-history":[{"count":1,"href":"https:\/\/www.kuartzinsaat.com.tr\/en\/wp-json\/wp\/v2\/pages\/2321\/revisions"}],"predecessor-version":[{"id":2323,"href":"https:\/\/www.kuartzinsaat.com.tr\/en\/wp-json\/wp\/v2\/pages\/2321\/revisions\/2323"}],"wp:attachment":[{"href":"https:\/\/www.kuartzinsaat.com.tr\/en\/wp-json\/wp\/v2\/media?parent=2321"}],"curies":[{"name":"wp","href":"https:\/\/api.w.org\/{rel}","templated":true}]}}