{"id":2325,"date":"2025-07-13T20:54:28","date_gmt":"2025-07-13T17:54:28","guid":{"rendered":"https:\/\/www.kuartzinsaat.com.tr\/?page_id=2325"},"modified":"2025-07-13T20:54:28","modified_gmt":"2025-07-13T17:54:28","slug":"konutlar","status":"publish","type":"page","link":"https:\/\/www.kuartzinsaat.com.tr\/en\/konutlar\/","title":{"rendered":"Konutlar"},"content":{"rendered":"<div class=\"wp-block-uagb-container uagb-block-cef93154 alignfull uagb-is-root-container\">\n<div class=\"wp-block-uagb-advanced-heading uagb-block-ee43a231\"><h1 class=\"uagb-heading-text\">Konutlar<\/h1><\/div>\n<\/div>\n\n\n\n<div class=\"wp-block-uagb-container uagb-block-7e8819e6 alignfull uagb-is-root-container\"><div class=\"uagb-container-inner-blocks-wrap\">\n<div class=\"wp-block-uagb-container uagb-block-a09641ec\">\n<figure class=\"wp-block-image size-full\"><img loading=\"lazy\" decoding=\"async\" width=\"1920\" height=\"1265\" src=\"https:\/\/www.kuartzinsaat.com.tr\/wp-content\/uploads\/2025\/06\/3-1.jpg\" alt=\"\" class=\"wp-image-2154\" style=\"aspect-ratio:1;object-fit:cover\" srcset=\"https:\/\/www.kuartzinsaat.com.tr\/wp-content\/uploads\/2025\/06\/3-1.jpg 1920w, https:\/\/www.kuartzinsaat.com.tr\/wp-content\/uploads\/2025\/06\/3-1-300x198.jpg 300w, https:\/\/www.kuartzinsaat.com.tr\/wp-content\/uploads\/2025\/06\/3-1-1024x675.jpg 1024w, https:\/\/www.kuartzinsaat.com.tr\/wp-content\/uploads\/2025\/06\/3-1-768x506.jpg 768w, https:\/\/www.kuartzinsaat.com.tr\/wp-content\/uploads\/2025\/06\/3-1-1536x1012.jpg 1536w, https:\/\/www.kuartzinsaat.com.tr\/wp-content\/uploads\/2025\/06\/3-1-18x12.jpg 18w\" sizes=\"auto, (max-width: 1920px) 100vw, 1920px\" \/><\/figure>\n<\/div>\n\n\n\n<div class=\"wp-block-uagb-container uagb-block-4ac7499f\">\n<p>Firmam\u0131z al\u0131\u015fveri\u015f merkezleri, oteller, terminal binalar\u0131 gibi nitelikli projelerde elde etti\u011fi teknik tecr\u00fcbe ile l\u00fcks konut ve villa projelerinde farkl\u0131 bak\u0131\u015f a\u00e7\u0131lar\u0131 sunarak hizmet vermektedir. Y\u00fcksek katl\u0131 yap\u0131lar, yatay mimari konseptli projeler, l\u00fcks villa siteleri, ki\u015fiye \u00f6zel villa ve konut projeleri gibi mimari konseptlerin yo\u011fun kullan\u0131ld\u0131\u011f\u0131 projelerde \u00e7at\u0131-cephe kaplamalar\u0131, dekoratif y\u00fczey kaplamalar\u0131, mobilya sistemleri, hard ve soft peyzaj i\u015fleri gibi imalatlar projeye farkl\u0131 de\u011ferler katan \u00f6nemli imalat kalemleridir. Firmam\u0131z toplu konut projelerinde yer alabildi\u011fi gibi ki\u015fiye \u00f6zel tasar\u0131ml\u0131 nitelikli yap\u0131 projelerinde de yer almaktad\u0131r.<\/p>\n<\/div>\n<\/div><\/div>","protected":false},"excerpt":{"rendered":"<p>Konutlar Firmam\u0131z al\u0131\u015fveri\u015f merkezleri, oteller, terminal binalar\u0131 gibi nitelikli projelerde elde etti\u011fi teknik tecr\u00fcbe ile l\u00fcks konut ve villa projelerinde farkl\u0131 bak\u0131\u015f a\u00e7\u0131lar\u0131 sunarak hizmet vermektedir. Y\u00fcksek katl\u0131 yap\u0131lar, yatay mimari konseptli projeler, l\u00fcks villa siteleri, ki\u015fiye \u00f6zel villa ve konut projeleri gibi mimari konseptlerin yo\u011fun kullan\u0131ld\u0131\u011f\u0131 projelerde \u00e7at\u0131-cephe kaplamalar\u0131, dekoratif y\u00fczey kaplamalar\u0131, mobilya sistemleri, [&hellip;]<\/p>","protected":false},"author":1,"featured_media":0,"parent":0,"menu_order":0,"comment_status":"closed","ping_status":"closed","template":"","meta":{"_uag_custom_page_level_css":"","site-sidebar-layout":"default","site-content-layout":"","ast-site-content-layout":"normal-width-container","site-content-style":"unboxed","site-sidebar-style":"default","ast-global-header-display":"","ast-banner-title-visibility":"","ast-main-header-display":"","ast-hfb-above-header-display":"","ast-hfb-below-header-display":"","ast-hfb-mobile-header-display":"","site-post-title":"disabled","ast-breadcrumbs-content":"","ast-featured-img":"","footer-sml-layout":"","theme-transparent-header-meta":"enabled","adv-header-id-meta":"","stick-header-meta":"","header-above-stick-meta":"","header-main-stick-meta":"","header-below-stick-meta":"","astra-migrate-meta-layouts":"set","ast-page-background-enabled":"default","ast-page-background-meta":{"desktop":{"background-color":"var(--ast-global-color-4)","background-image":"","background-repeat":"repeat","background-position":"center center","background-size":"auto","background-attachment":"scroll","background-type":"","background-media":"","overlay-type":"","overlay-color":"","overlay-opacity":"","overlay-gradient":""},"tablet":{"background-color":"","background-image":"","background-repeat":"repeat","background-position":"center center","background-size":"auto","background-attachment":"scroll","background-type":"","background-media":"","overlay-type":"","overlay-color":"","overlay-opacity":"","overlay-gradient":""},"mobile":{"background-color":"","background-image":"","background-repeat":"repeat","background-position":"center center","background-size":"auto","background-attachment":"scroll","background-type":"","background-media":"","overlay-type":"","overlay-color":"","overlay-opacity":"","overlay-gradient":""}},"ast-content-background-meta":{"desktop":{"background-color":"var(--ast-global-color-5)","background-image":"","background-repeat":"repeat","background-position":"center center","background-size":"auto","background-attachment":"scroll","background-type":"","background-media":"","overlay-type":"","overlay-color":"","overlay-opacity":"","overlay-gradient":""},"tablet":{"background-color":"var(--ast-global-color-5)","background-image":"","background-repeat":"repeat","background-position":"center center","background-size":"auto","background-attachment":"scroll","background-type":"","background-media":"","overlay-type":"","overlay-color":"","overlay-opacity":"","overlay-gradient":""},"mobile":{"background-color":"var(--ast-global-color-5)","background-image":"","background-repeat":"repeat","background-position":"center center","background-size":"auto","background-attachment":"scroll","background-type":"","background-media":"","overlay-type":"","overlay-color":"","overlay-opacity":"","overlay-gradient":""}},"footnotes":""},"class_list":["post-2325","page","type-page","status-publish","hentry"],"uagb_featured_image_src":{"full":false,"thumbnail":false,"medium":false,"medium_large":false,"large":false,"1536x1536":false,"2048x2048":false,"trp-custom-language-flag":false},"uagb_author_info":{"display_name":"admin","author_link":"https:\/\/www.kuartzinsaat.com.tr\/en\/author\/admin\/"},"uagb_comment_info":0,"uagb_excerpt":"Konutlar Firmam\u0131z al\u0131\u015fveri\u015f merkezleri, oteller, terminal binalar\u0131 gibi nitelikli projelerde elde etti\u011fi teknik tecr\u00fcbe ile l\u00fcks konut ve villa projelerinde farkl\u0131 bak\u0131\u015f a\u00e7\u0131lar\u0131 sunarak hizmet vermektedir. Y\u00fcksek katl\u0131 yap\u0131lar, yatay mimari konseptli projeler, l\u00fcks villa siteleri, ki\u015fiye \u00f6zel villa ve konut projeleri gibi mimari konseptlerin yo\u011fun kullan\u0131ld\u0131\u011f\u0131 projelerde \u00e7at\u0131-cephe kaplamalar\u0131, dekoratif y\u00fczey kaplamalar\u0131, mobilya sistemleri,&hellip;","_links":{"self":[{"href":"https:\/\/www.kuartzinsaat.com.tr\/en\/wp-json\/wp\/v2\/pages\/2325","targetHints":{"allow":["GET"]}}],"collection":[{"href":"https:\/\/www.kuartzinsaat.com.tr\/en\/wp-json\/wp\/v2\/pages"}],"about":[{"href":"https:\/\/www.kuartzinsaat.com.tr\/en\/wp-json\/wp\/v2\/types\/page"}],"author":[{"embeddable":true,"href":"https:\/\/www.kuartzinsaat.com.tr\/en\/wp-json\/wp\/v2\/users\/1"}],"replies":[{"embeddable":true,"href":"https:\/\/www.kuartzinsaat.com.tr\/en\/wp-json\/wp\/v2\/comments?post=2325"}],"version-history":[{"count":1,"href":"https:\/\/www.kuartzinsaat.com.tr\/en\/wp-json\/wp\/v2\/pages\/2325\/revisions"}],"predecessor-version":[{"id":2326,"href":"https:\/\/www.kuartzinsaat.com.tr\/en\/wp-json\/wp\/v2\/pages\/2325\/revisions\/2326"}],"wp:attachment":[{"href":"https:\/\/www.kuartzinsaat.com.tr\/en\/wp-json\/wp\/v2\/media?parent=2325"}],"curies":[{"name":"wp","href":"https:\/\/api.w.org\/{rel}","templated":true}]}}