{"id":2327,"date":"2025-07-13T20:56:04","date_gmt":"2025-07-13T17:56:04","guid":{"rendered":"https:\/\/www.kuartzinsaat.com.tr\/?page_id=2327"},"modified":"2025-07-13T20:56:18","modified_gmt":"2025-07-13T17:56:18","slug":"endustriyel-yapilar","status":"publish","type":"page","link":"https:\/\/www.kuartzinsaat.com.tr\/en\/endustriyel-yapilar\/","title":{"rendered":"End\u00fcstriyel Yap\u0131lar"},"content":{"rendered":"<div class=\"wp-block-uagb-container uagb-block-cef93154 alignfull uagb-is-root-container\">\n<div class=\"wp-block-uagb-advanced-heading uagb-block-ee43a231\"><h1 class=\"uagb-heading-text\">End\u00fcstriyel Yap\u0131lar<\/h1><\/div>\n<\/div>\n\n\n\n<div class=\"wp-block-uagb-container uagb-block-7e8819e6 alignfull uagb-is-root-container\"><div class=\"uagb-container-inner-blocks-wrap\">\n<div class=\"wp-block-uagb-container uagb-block-a09641ec\">\n<figure class=\"wp-block-image size-full\"><img loading=\"lazy\" decoding=\"async\" width=\"1000\" height=\"750\" src=\"https:\/\/www.kuartzinsaat.com.tr\/wp-content\/uploads\/2025\/07\/2-2.webp\" alt=\"\" class=\"wp-image-2329\" style=\"aspect-ratio:1;object-fit:cover\" srcset=\"https:\/\/www.kuartzinsaat.com.tr\/wp-content\/uploads\/2025\/07\/2-2.webp 1000w, https:\/\/www.kuartzinsaat.com.tr\/wp-content\/uploads\/2025\/07\/2-2-300x225.webp 300w, https:\/\/www.kuartzinsaat.com.tr\/wp-content\/uploads\/2025\/07\/2-2-768x576.webp 768w, https:\/\/www.kuartzinsaat.com.tr\/wp-content\/uploads\/2025\/07\/2-2-16x12.webp 16w\" sizes=\"auto, (max-width: 1000px) 100vw, 1000px\" \/><\/figure>\n<\/div>\n\n\n\n<div class=\"wp-block-uagb-container uagb-block-4ac7499f\">\n<p>Fabrikalar, imalathaneler, \u00fcretim tesisleri, stok ve depolama tesisleri gibi farkl\u0131 kullan\u0131m ama\u00e7lar\u0131 ile tasarlanm\u0131\u015f end\u00fcstriyel tesislerde makine kaideleri, mazgal sistemleri, \u00f6zel bo\u015faltma ve ar\u0131tma \u00fcniteleri, dilatasyon sistemleri, end\u00fcstriyel zemin kaplamalar, end\u00fcstriyel \u00e7at\u0131 ve cephe kaplamalar, yap\u0131sal \u00e7elik konstr\u00fcksiyonlar, vin\u00e7 sistemleri gibi \u00f6zel imalatlar yo\u011fun olarak ger\u00e7ekle\u015ftirilmektedir. Firmam\u0131z farkl\u0131 sorunlar\u0131n \u00e7\u00f6z\u00fcmlerinde \u00f6zel \u00e7\u00f6z\u00fcmler gerektiren bu tip projelerde uzun y\u0131llard\u0131r hizmet vermekte olup hem projelendirme hem de uygulama a\u015famalar\u0131nda alternatifler yaratabilecek bilgi birikimine sahiptir. Bu sayede hem teknik \u00e7\u00f6z\u00fcmlerin verimlili\u011fi artmakta hem de proje b\u00fct\u00e7esinde olumlu tasarruflar sa\u011flanabilmektedir.<br><\/p>\n<\/div>\n<\/div><\/div>","protected":false},"excerpt":{"rendered":"<p>End\u00fcstriyel Yap\u0131lar Fabrikalar, imalathaneler, \u00fcretim tesisleri, stok ve depolama tesisleri gibi farkl\u0131 kullan\u0131m ama\u00e7lar\u0131 ile tasarlanm\u0131\u015f end\u00fcstriyel tesislerde makine kaideleri, mazgal sistemleri, \u00f6zel bo\u015faltma ve ar\u0131tma \u00fcniteleri, dilatasyon sistemleri, end\u00fcstriyel zemin kaplamalar, end\u00fcstriyel \u00e7at\u0131 ve cephe kaplamalar, yap\u0131sal \u00e7elik konstr\u00fcksiyonlar, vin\u00e7 sistemleri gibi \u00f6zel imalatlar yo\u011fun olarak ger\u00e7ekle\u015ftirilmektedir. Firmam\u0131z farkl\u0131 sorunlar\u0131n \u00e7\u00f6z\u00fcmlerinde \u00f6zel \u00e7\u00f6z\u00fcmler gerektiren [&hellip;]<\/p>","protected":false},"author":1,"featured_media":0,"parent":0,"menu_order":0,"comment_status":"closed","ping_status":"closed","template":"","meta":{"_uag_custom_page_level_css":"","site-sidebar-layout":"default","site-content-layout":"","ast-site-content-layout":"normal-width-container","site-content-style":"unboxed","site-sidebar-style":"default","ast-global-header-display":"","ast-banner-title-visibility":"","ast-main-header-display":"","ast-hfb-above-header-display":"","ast-hfb-below-header-display":"","ast-hfb-mobile-header-display":"","site-post-title":"disabled","ast-breadcrumbs-content":"","ast-featured-img":"","footer-sml-layout":"","theme-transparent-header-meta":"enabled","adv-header-id-meta":"","stick-header-meta":"","header-above-stick-meta":"","header-main-stick-meta":"","header-below-stick-meta":"","astra-migrate-meta-layouts":"set","ast-page-background-enabled":"default","ast-page-background-meta":{"desktop":{"background-color":"var(--ast-global-color-4)","background-image":"","background-repeat":"repeat","background-position":"center center","background-size":"auto","background-attachment":"scroll","background-type":"","background-media":"","overlay-type":"","overlay-color":"","overlay-opacity":"","overlay-gradient":""},"tablet":{"background-color":"","background-image":"","background-repeat":"repeat","background-position":"center center","background-size":"auto","background-attachment":"scroll","background-type":"","background-media":"","overlay-type":"","overlay-color":"","overlay-opacity":"","overlay-gradient":""},"mobile":{"background-color":"","background-image":"","background-repeat":"repeat","background-position":"center center","background-size":"auto","background-attachment":"scroll","background-type":"","background-media":"","overlay-type":"","overlay-color":"","overlay-opacity":"","overlay-gradient":""}},"ast-content-background-meta":{"desktop":{"background-color":"var(--ast-global-color-5)","background-image":"","background-repeat":"repeat","background-position":"center center","background-size":"auto","background-attachment":"scroll","background-type":"","background-media":"","overlay-type":"","overlay-color":"","overlay-opacity":"","overlay-gradient":""},"tablet":{"background-color":"var(--ast-global-color-5)","background-image":"","background-repeat":"repeat","background-position":"center center","background-size":"auto","background-attachment":"scroll","background-type":"","background-media":"","overlay-type":"","overlay-color":"","overlay-opacity":"","overlay-gradient":""},"mobile":{"background-color":"var(--ast-global-color-5)","background-image":"","background-repeat":"repeat","background-position":"center center","background-size":"auto","background-attachment":"scroll","background-type":"","background-media":"","overlay-type":"","overlay-color":"","overlay-opacity":"","overlay-gradient":""}},"footnotes":""},"class_list":["post-2327","page","type-page","status-publish","hentry"],"uagb_featured_image_src":{"full":false,"thumbnail":false,"medium":false,"medium_large":false,"large":false,"1536x1536":false,"2048x2048":false,"trp-custom-language-flag":false},"uagb_author_info":{"display_name":"admin","author_link":"https:\/\/www.kuartzinsaat.com.tr\/en\/author\/admin\/"},"uagb_comment_info":0,"uagb_excerpt":"End\u00fcstriyel Yap\u0131lar Fabrikalar, imalathaneler, \u00fcretim tesisleri, stok ve depolama tesisleri gibi farkl\u0131 kullan\u0131m ama\u00e7lar\u0131 ile tasarlanm\u0131\u015f end\u00fcstriyel tesislerde makine kaideleri, mazgal sistemleri, \u00f6zel bo\u015faltma ve ar\u0131tma \u00fcniteleri, dilatasyon sistemleri, end\u00fcstriyel zemin kaplamalar, end\u00fcstriyel \u00e7at\u0131 ve cephe kaplamalar, yap\u0131sal \u00e7elik konstr\u00fcksiyonlar, vin\u00e7 sistemleri gibi \u00f6zel imalatlar yo\u011fun olarak ger\u00e7ekle\u015ftirilmektedir. Firmam\u0131z farkl\u0131 sorunlar\u0131n \u00e7\u00f6z\u00fcmlerinde \u00f6zel \u00e7\u00f6z\u00fcmler gerektiren&hellip;","_links":{"self":[{"href":"https:\/\/www.kuartzinsaat.com.tr\/en\/wp-json\/wp\/v2\/pages\/2327","targetHints":{"allow":["GET"]}}],"collection":[{"href":"https:\/\/www.kuartzinsaat.com.tr\/en\/wp-json\/wp\/v2\/pages"}],"about":[{"href":"https:\/\/www.kuartzinsaat.com.tr\/en\/wp-json\/wp\/v2\/types\/page"}],"author":[{"embeddable":true,"href":"https:\/\/www.kuartzinsaat.com.tr\/en\/wp-json\/wp\/v2\/users\/1"}],"replies":[{"embeddable":true,"href":"https:\/\/www.kuartzinsaat.com.tr\/en\/wp-json\/wp\/v2\/comments?post=2327"}],"version-history":[{"count":1,"href":"https:\/\/www.kuartzinsaat.com.tr\/en\/wp-json\/wp\/v2\/pages\/2327\/revisions"}],"predecessor-version":[{"id":2330,"href":"https:\/\/www.kuartzinsaat.com.tr\/en\/wp-json\/wp\/v2\/pages\/2327\/revisions\/2330"}],"wp:attachment":[{"href":"https:\/\/www.kuartzinsaat.com.tr\/en\/wp-json\/wp\/v2\/media?parent=2327"}],"curies":[{"name":"wp","href":"https:\/\/api.w.org\/{rel}","templated":true}]}}