{"id":2331,"date":"2025-07-13T20:58:05","date_gmt":"2025-07-13T17:58:05","guid":{"rendered":"https:\/\/www.kuartzinsaat.com.tr\/?page_id=2331"},"modified":"2025-07-13T20:58:05","modified_gmt":"2025-07-13T17:58:05","slug":"teknik-yalitimlar-cati-cephe-kaplamalari","status":"publish","type":"page","link":"https:\/\/www.kuartzinsaat.com.tr\/en\/teknik-yalitimlar-cati-cephe-kaplamalari\/","title":{"rendered":"Teknik Yal\u0131t\u0131mlar &#8211; \u00c7at\u0131 Cephe Kaplamalar\u0131"},"content":{"rendered":"<div class=\"wp-block-uagb-container uagb-block-cef93154 alignfull uagb-is-root-container\">\n<div class=\"wp-block-uagb-advanced-heading uagb-block-ee43a231\"><h1 class=\"uagb-heading-text\">Teknik Yal\u0131t\u0131mlar &#8211; \u00c7at\u0131 Cephe Kaplamalar\u0131<\/h1><\/div>\n<\/div>\n\n\n\n<div class=\"wp-block-uagb-container uagb-block-7e8819e6 alignfull uagb-is-root-container\"><div class=\"uagb-container-inner-blocks-wrap\">\n<div class=\"wp-block-uagb-container uagb-block-a09641ec\">\n<figure class=\"wp-block-image size-full\"><img loading=\"lazy\" decoding=\"async\" width=\"1920\" height=\"1080\" src=\"https:\/\/www.kuartzinsaat.com.tr\/wp-content\/uploads\/2025\/07\/6-2.webp\" alt=\"\" class=\"wp-image-2332\" style=\"aspect-ratio:1;object-fit:cover\" srcset=\"https:\/\/www.kuartzinsaat.com.tr\/wp-content\/uploads\/2025\/07\/6-2.webp 1920w, https:\/\/www.kuartzinsaat.com.tr\/wp-content\/uploads\/2025\/07\/6-2-300x169.webp 300w, https:\/\/www.kuartzinsaat.com.tr\/wp-content\/uploads\/2025\/07\/6-2-1024x576.webp 1024w, https:\/\/www.kuartzinsaat.com.tr\/wp-content\/uploads\/2025\/07\/6-2-768x432.webp 768w, https:\/\/www.kuartzinsaat.com.tr\/wp-content\/uploads\/2025\/07\/6-2-1536x864.webp 1536w, https:\/\/www.kuartzinsaat.com.tr\/wp-content\/uploads\/2025\/07\/6-2-18x10.webp 18w\" sizes=\"auto, (max-width: 1920px) 100vw, 1920px\" \/><\/figure>\n<\/div>\n\n\n\n<div class=\"wp-block-uagb-container uagb-block-4ac7499f\">\n<p>Firmam\u0131z su-\u0131s\u0131-ses ve yang\u0131n yal\u0131t\u0131m\u0131 uygulamalar\u0131nda \u00e7ok geni\u015f yelpazede hizmet veren ve farkl\u0131 t\u00fcrden sistem ve materyallerin etkin kullan\u0131m\u0131nda ciddi bir know-how bilgisine ve makine parkuruna sahip \u00f6zelle\u015ftirilmi\u015f bir birime sahiptir. Al\u0131\u015fveri\u015f merkezleri, end\u00fcstriyel yap\u0131lar, ula\u015ft\u0131rma yap\u0131lar\u0131 gibi b\u00fcy\u00fck metrajl\u0131 yal\u0131t\u0131m imalatlar\u0131n\u0131n yap\u0131ld\u0131\u011f\u0131 projelerde sistem \u00e7\u00f6z\u00fcmleri, optimal verim hesaplar\u0131, ko\u015fullara uygun materyal ve kaplama sistemleri se\u00e7imleri gibi konularda ciddi bir \u00e7\u00f6z\u00fcm orta\u011f\u0131d\u0131r. Bit\u00fcml\u00fc membranlar, sentetik membranlar, p\u00fcsk\u00fcrtme ve s\u00fcrme tip yal\u0131t\u0131m uygulamalar\u0131 gibi su yal\u0131t\u0131m\u0131 uygulamalar\u0131nda deneyimli ekiplere ve gerekli makine parkurlar\u0131na sahip firmam\u0131z detay \u00e7\u00f6z\u00fcmlerinde de geni\u015f bir bilgi birikimine sahiptir. Yang\u0131n ve ses yal\u0131t\u0131m\u0131 gibi \u00f6zel tasarlanan yal\u0131t\u0131m imalatlar\u0131nda istenen de\u011ferleri kar\u015f\u0131layan projelendirme \u00e7al\u0131\u015fmalar\u0131 yap\u0131lmakta ve uygulamas\u0131 yap\u0131lmaktad\u0131r.\u00a0 Hafif metal yal\u0131t\u0131ml\u0131 \u00e7at\u0131lar, kenet \u00e7at\u0131 kaplamalar\u0131, end\u00fcstriyel panel tip \u00e7at\u0131 ve cephe kaplamalar, bak\u0131r \u00e7at\u0131 kaplamalar\u0131 gibi farkl\u0131 t\u00fcrlerde \u00e7at\u0131 ve cephe kaplama uygulamalar\u0131 da ba\u015far\u0131yla y\u00fcr\u00fct\u00fclmektedir.<br><\/p>\n<\/div>\n<\/div><\/div>","protected":false},"excerpt":{"rendered":"<p>Teknik Yal\u0131t\u0131mlar &#8211; \u00c7at\u0131 Cephe Kaplamalar\u0131 Firmam\u0131z su-\u0131s\u0131-ses ve yang\u0131n yal\u0131t\u0131m\u0131 uygulamalar\u0131nda \u00e7ok geni\u015f yelpazede hizmet veren ve farkl\u0131 t\u00fcrden sistem ve materyallerin etkin kullan\u0131m\u0131nda ciddi bir know-how bilgisine ve makine parkuruna sahip \u00f6zelle\u015ftirilmi\u015f bir birime sahiptir. Al\u0131\u015fveri\u015f merkezleri, end\u00fcstriyel yap\u0131lar, ula\u015ft\u0131rma yap\u0131lar\u0131 gibi b\u00fcy\u00fck metrajl\u0131 yal\u0131t\u0131m imalatlar\u0131n\u0131n yap\u0131ld\u0131\u011f\u0131 projelerde sistem \u00e7\u00f6z\u00fcmleri, optimal verim hesaplar\u0131, [&hellip;]<\/p>","protected":false},"author":1,"featured_media":0,"parent":0,"menu_order":0,"comment_status":"closed","ping_status":"closed","template":"","meta":{"_uag_custom_page_level_css":"","site-sidebar-layout":"default","site-content-layout":"","ast-site-content-layout":"normal-width-container","site-content-style":"unboxed","site-sidebar-style":"default","ast-global-header-display":"","ast-banner-title-visibility":"","ast-main-header-display":"","ast-hfb-above-header-display":"","ast-hfb-below-header-display":"","ast-hfb-mobile-header-display":"","site-post-title":"disabled","ast-breadcrumbs-content":"","ast-featured-img":"","footer-sml-layout":"","theme-transparent-header-meta":"enabled","adv-header-id-meta":"","stick-header-meta":"","header-above-stick-meta":"","header-main-stick-meta":"","header-below-stick-meta":"","astra-migrate-meta-layouts":"set","ast-page-background-enabled":"default","ast-page-background-meta":{"desktop":{"background-color":"var(--ast-global-color-4)","background-image":"","background-repeat":"repeat","background-position":"center center","background-size":"auto","background-attachment":"scroll","background-type":"","background-media":"","overlay-type":"","overlay-color":"","overlay-opacity":"","overlay-gradient":""},"tablet":{"background-color":"","background-image":"","background-repeat":"repeat","background-position":"center center","background-size":"auto","background-attachment":"scroll","background-type":"","background-media":"","overlay-type":"","overlay-color":"","overlay-opacity":"","overlay-gradient":""},"mobile":{"background-color":"","background-image":"","background-repeat":"repeat","background-position":"center center","background-size":"auto","background-attachment":"scroll","background-type":"","background-media":"","overlay-type":"","overlay-color":"","overlay-opacity":"","overlay-gradient":""}},"ast-content-background-meta":{"desktop":{"background-color":"var(--ast-global-color-5)","background-image":"","background-repeat":"repeat","background-position":"center center","background-size":"auto","background-attachment":"scroll","background-type":"","background-media":"","overlay-type":"","overlay-color":"","overlay-opacity":"","overlay-gradient":""},"tablet":{"background-color":"var(--ast-global-color-5)","background-image":"","background-repeat":"repeat","background-position":"center center","background-size":"auto","background-attachment":"scroll","background-type":"","background-media":"","overlay-type":"","overlay-color":"","overlay-opacity":"","overlay-gradient":""},"mobile":{"background-color":"var(--ast-global-color-5)","background-image":"","background-repeat":"repeat","background-position":"center center","background-size":"auto","background-attachment":"scroll","background-type":"","background-media":"","overlay-type":"","overlay-color":"","overlay-opacity":"","overlay-gradient":""}},"footnotes":""},"class_list":["post-2331","page","type-page","status-publish","hentry"],"uagb_featured_image_src":{"full":false,"thumbnail":false,"medium":false,"medium_large":false,"large":false,"1536x1536":false,"2048x2048":false,"trp-custom-language-flag":false},"uagb_author_info":{"display_name":"admin","author_link":"https:\/\/www.kuartzinsaat.com.tr\/en\/author\/admin\/"},"uagb_comment_info":0,"uagb_excerpt":"Teknik Yal\u0131t\u0131mlar &#8211; \u00c7at\u0131 Cephe Kaplamalar\u0131 Firmam\u0131z su-\u0131s\u0131-ses ve yang\u0131n yal\u0131t\u0131m\u0131 uygulamalar\u0131nda \u00e7ok geni\u015f yelpazede hizmet veren ve farkl\u0131 t\u00fcrden sistem ve materyallerin etkin kullan\u0131m\u0131nda ciddi bir know-how bilgisine ve makine parkuruna sahip \u00f6zelle\u015ftirilmi\u015f bir birime sahiptir. Al\u0131\u015fveri\u015f merkezleri, end\u00fcstriyel yap\u0131lar, ula\u015ft\u0131rma yap\u0131lar\u0131 gibi b\u00fcy\u00fck metrajl\u0131 yal\u0131t\u0131m imalatlar\u0131n\u0131n yap\u0131ld\u0131\u011f\u0131 projelerde sistem \u00e7\u00f6z\u00fcmleri, optimal verim hesaplar\u0131,&hellip;","_links":{"self":[{"href":"https:\/\/www.kuartzinsaat.com.tr\/en\/wp-json\/wp\/v2\/pages\/2331","targetHints":{"allow":["GET"]}}],"collection":[{"href":"https:\/\/www.kuartzinsaat.com.tr\/en\/wp-json\/wp\/v2\/pages"}],"about":[{"href":"https:\/\/www.kuartzinsaat.com.tr\/en\/wp-json\/wp\/v2\/types\/page"}],"author":[{"embeddable":true,"href":"https:\/\/www.kuartzinsaat.com.tr\/en\/wp-json\/wp\/v2\/users\/1"}],"replies":[{"embeddable":true,"href":"https:\/\/www.kuartzinsaat.com.tr\/en\/wp-json\/wp\/v2\/comments?post=2331"}],"version-history":[{"count":1,"href":"https:\/\/www.kuartzinsaat.com.tr\/en\/wp-json\/wp\/v2\/pages\/2331\/revisions"}],"predecessor-version":[{"id":2333,"href":"https:\/\/www.kuartzinsaat.com.tr\/en\/wp-json\/wp\/v2\/pages\/2331\/revisions\/2333"}],"wp:attachment":[{"href":"https:\/\/www.kuartzinsaat.com.tr\/en\/wp-json\/wp\/v2\/media?parent=2331"}],"curies":[{"name":"wp","href":"https:\/\/api.w.org\/{rel}","templated":true}]}}