{"id":495,"date":"2025-06-24T23:21:04","date_gmt":"2025-06-24T20:21:04","guid":{"rendered":"https:\/\/www.kuartzinsaat.com.tr\/projects\/"},"modified":"2025-07-13T19:57:11","modified_gmt":"2025-07-13T16:57:11","slug":"projects","status":"publish","type":"page","link":"https:\/\/www.kuartzinsaat.com.tr\/en\/projects\/","title":{"rendered":"Projects"},"content":{"rendered":"<div class=\"wp-block-uagb-container uagb-block-5451af51 alignfull uagb-is-root-container\"><div class=\"uagb-container-inner-blocks-wrap\">\n<div class=\"wp-block-uagb-advanced-heading uagb-block-f45ed1f8\"><h1 class=\"uagb-heading-text\">Projects<\/h1><\/div>\n<\/div><\/div>\n\n\n\n<div class=\"wp-block-uagb-container uagb-block-52be6acf alignfull uagb-is-root-container\"><div class=\"uagb-container-inner-blocks-wrap\">\n<div class=\"wp-block-uagb-info-box uagb-block-86a9b711 uagb-infobox__content-wrap  uagb-infobox-icon-above-title uagb-infobox-image-valign-top\"><div class=\"uagb-ifb-content\"><div class=\"uagb-ifb-title-wrap\"><h2 class=\"uagb-ifb-title\">Our Latest Projects<\/h2><\/div><\/div><\/div>\n<\/div><\/div>\n\n\n\n<div class=\"wp-block-uagb-container uagb-block-cd1b7025 alignfull uagb-is-root-container\">\n<div class=\"wp-block-uagb-container uagb-block-a0acdf8c\">\n<div class=\"wp-block-uagb-advanced-heading uagb-block-df5c2a61\"><h3 class=\"uagb-heading-text\"><a href=\"https:\/\/www.kuartzinsaat.com.tr\/en\/antalya-havalimani-genisletme-projesi\/\">Antalya Airport Expansion<\/a><\/h3><\/div>\n<a class=\"spectra-container-link-overlay\" rel=\"noopener\" href=\"https:\/\/www.kuartzinsaat.com.tr\/en\/antalya-havalimani-genisletme-projesi\/\"> <\/a><\/div>\n\n\n\n<div class=\"wp-block-uagb-container uagb-block-0d27ba32\">\n<div class=\"wp-block-uagb-advanced-heading uagb-block-f496d8a9\"><h3 class=\"uagb-heading-text\">Grandium Residence<\/h3><\/div>\n<a class=\"spectra-container-link-overlay\" rel=\"noopener\" href=\"https:\/\/www.kuartzinsaat.com.tr\/en\/grandium-residence\/\"> <\/a><\/div>\n\n\n\n<div class=\"wp-block-uagb-container uagb-block-62965c0e alignfull uagb-is-root-container\"><div class=\"uagb-container-inner-blocks-wrap\">\n<div class=\"wp-block-uagb-advanced-heading uagb-block-2f43cafd\"><h3 class=\"uagb-heading-text\"><a href=\"https:\/\/www.kuartzinsaat.com.tr\/en\/troypark-avm\/\">Troypark AVM<\/a><\/h3><\/div>\n<\/div><a class=\"spectra-container-link-overlay\" rel=\"noopener\" href=\"https:\/\/www.kuartzinsaat.com.tr\/en\/troypark-avm\/\"> <\/a><\/div>\n\n\n\n<div class=\"wp-block-uagb-container uagb-block-f0d47991\">\n<div class=\"wp-block-uagb-advanced-heading uagb-block-3583358d\"><h3 class=\"uagb-heading-text\"><strong>Simge Sapanca Dinlenme Tesisi<\/strong><\/h3><\/div>\n<a class=\"spectra-container-link-overlay\" rel=\"noopener\" href=\"https:\/\/www.kuartzinsaat.com.tr\/en\/sapanca-dinlenme-tesisleri\/\"> <\/a><\/div>\n\n\n\n<div class=\"wp-block-uagb-container uagb-block-4c9202f7 alignfull uagb-is-root-container\"><div class=\"uagb-container-inner-blocks-wrap\">\n<div class=\"wp-block-uagb-advanced-heading uagb-block-977bb4d8\"><h3 class=\"uagb-heading-text\">Selway Outlet<\/h3><\/div>\n<\/div><a class=\"spectra-container-link-overlay\" rel=\"noopener\" href=\"https:\/\/www.kuartzinsaat.com.tr\/en\/selway-outlet\/\"> <\/a><\/div>\n\n\n\n<div class=\"wp-block-uagb-container uagb-block-2ceea063\">\n<div class=\"wp-block-uagb-advanced-heading uagb-block-d86778c9\"><h3 class=\"uagb-heading-text\">Triyanda Fairy Tale Homes<\/h3><\/div>\n<a class=\"spectra-container-link-overlay\" rel=\"noopener\" href=\"https:\/\/www.kuartzinsaat.com.tr\/en\/triyanda-masal-evleri\/\"> <\/a><\/div>\n\n\n\n<div class=\"wp-block-uagb-container uagb-block-1da58fc0\">\n<div class=\"wp-block-uagb-advanced-heading uagb-block-53300214\"><h3 class=\"uagb-heading-text\"><strong>Novada Outlet S\u00f6ke Mall<\/strong><\/h3><\/div>\n<a class=\"spectra-container-link-overlay\" rel=\"noopener\" href=\"https:\/\/www.kuartzinsaat.com.tr\/en\/novada-outlet-soke-avm\/\"> <\/a><\/div>\n\n\n\n<div class=\"wp-block-uagb-container uagb-block-593aa777\">\n<div class=\"wp-block-uagb-advanced-heading uagb-block-656b4d8e\"><h3 class=\"uagb-heading-text\"><strong>Olimpa AVM<\/strong><\/h3><\/div>\n<\/div>\n\n\n\n<div class=\"wp-block-uagb-container uagb-block-5d765877 alignfull uagb-is-root-container\"><div class=\"uagb-container-inner-blocks-wrap\">\n<div class=\"wp-block-uagb-advanced-heading uagb-block-9ce0afbe\"><h3 class=\"uagb-heading-text\">Forum Istanbul<\/h3><\/div>\n<\/div><\/div>\n\n\n\n<div class=\"wp-block-uagb-container uagb-block-4345b99f\">\n<div class=\"wp-block-uagb-advanced-heading uagb-block-36d061dc\"><h3 class=\"uagb-heading-text\"><strong>Forum Marmara<\/strong><\/h3><p class=\"uagb-desc-text\">Athens, GR<\/p><\/div>\n<\/div>\n<\/div>\n\n\n\n\n\n<p><\/p>","protected":false},"excerpt":{"rendered":"<p>Projeler Antalya Havaliman\u0131 Geni\u015fletme Grandium Residence Troypark AVM Simge Sapanca Dinlenme Tesisi Selway Outlet Triyanda Masal Evleri Novada Outlet S\u00f6ke AVM Olimpa AVM Forum Istanbul Forum Marmara Athens, GR<\/p>","protected":false},"author":1,"featured_media":0,"parent":0,"menu_order":0,"comment_status":"closed","ping_status":"closed","template":"","meta":{"_uag_custom_page_level_css":"","site-sidebar-layout":"no-sidebar","site-content-layout":"plain-container","ast-site-content-layout":"normal-width-container","site-content-style":"unboxed","site-sidebar-style":"unboxed","ast-global-header-display":"","ast-banner-title-visibility":"","ast-main-header-display":"","ast-hfb-above-header-display":"","ast-hfb-below-header-display":"","ast-hfb-mobile-header-display":"","site-post-title":"disabled","ast-breadcrumbs-content":"","ast-featured-img":"disabled","footer-sml-layout":"","theme-transparent-header-meta":"enabled","adv-header-id-meta":"","stick-header-meta":"","header-above-stick-meta":"","header-main-stick-meta":"","header-below-stick-meta":"","astra-migrate-meta-layouts":"set","ast-page-background-enabled":"default","ast-page-background-meta":{"desktop":{"background-color":"var(--ast-global-color-4)","background-image":"","background-repeat":"repeat","background-position":"center center","background-size":"auto","background-attachment":"scroll","background-type":"","background-media":"","overlay-type":"","overlay-color":"","overlay-opacity":"","overlay-gradient":""},"tablet":{"background-color":"","background-image":"","background-repeat":"repeat","background-position":"center center","background-size":"auto","background-attachment":"scroll","background-type":"","background-media":"","overlay-type":"","overlay-color":"","overlay-opacity":"","overlay-gradient":""},"mobile":{"background-color":"","background-image":"","background-repeat":"repeat","background-position":"center center","background-size":"auto","background-attachment":"scroll","background-type":"","background-media":"","overlay-type":"","overlay-color":"","overlay-opacity":"","overlay-gradient":""}},"ast-content-background-meta":{"desktop":{"background-color":"var(--ast-global-color-5)","background-image":"","background-repeat":"repeat","background-position":"center center","background-size":"auto","background-attachment":"scroll","background-type":"","background-media":"","overlay-type":"","overlay-color":"","overlay-opacity":"","overlay-gradient":""},"tablet":{"background-color":"var(--ast-global-color-5)","background-image":"","background-repeat":"repeat","background-position":"center center","background-size":"auto","background-attachment":"scroll","background-type":"","background-media":"","overlay-type":"","overlay-color":"","overlay-opacity":"","overlay-gradient":""},"mobile":{"background-color":"var(--ast-global-color-5)","background-image":"","background-repeat":"repeat","background-position":"center center","background-size":"auto","background-attachment":"scroll","background-type":"","background-media":"","overlay-type":"","overlay-color":"","overlay-opacity":"","overlay-gradient":""}},"footnotes":""},"class_list":["post-495","page","type-page","status-publish","hentry"],"uagb_featured_image_src":{"full":false,"thumbnail":false,"medium":false,"medium_large":false,"large":false,"1536x1536":false,"2048x2048":false,"trp-custom-language-flag":false},"uagb_author_info":{"display_name":"admin","author_link":"https:\/\/www.kuartzinsaat.com.tr\/en\/author\/admin\/"},"uagb_comment_info":0,"uagb_excerpt":"Projeler Antalya Havaliman\u0131 Geni\u015fletme Grandium Residence Troypark AVM Simge Sapanca Dinlenme Tesisi Selway Outlet Triyanda Masal Evleri Novada Outlet S\u00f6ke AVM Olimpa AVM Forum Istanbul Forum Marmara Athens, GR","_links":{"self":[{"href":"https:\/\/www.kuartzinsaat.com.tr\/en\/wp-json\/wp\/v2\/pages\/495","targetHints":{"allow":["GET"]}}],"collection":[{"href":"https:\/\/www.kuartzinsaat.com.tr\/en\/wp-json\/wp\/v2\/pages"}],"about":[{"href":"https:\/\/www.kuartzinsaat.com.tr\/en\/wp-json\/wp\/v2\/types\/page"}],"author":[{"embeddable":true,"href":"https:\/\/www.kuartzinsaat.com.tr\/en\/wp-json\/wp\/v2\/users\/1"}],"replies":[{"embeddable":true,"href":"https:\/\/www.kuartzinsaat.com.tr\/en\/wp-json\/wp\/v2\/comments?post=495"}],"version-history":[{"count":8,"href":"https:\/\/www.kuartzinsaat.com.tr\/en\/wp-json\/wp\/v2\/pages\/495\/revisions"}],"predecessor-version":[{"id":2290,"href":"https:\/\/www.kuartzinsaat.com.tr\/en\/wp-json\/wp\/v2\/pages\/495\/revisions\/2290"}],"wp:attachment":[{"href":"https:\/\/www.kuartzinsaat.com.tr\/en\/wp-json\/wp\/v2\/media?parent=495"}],"curies":[{"name":"wp","href":"https:\/\/api.w.org\/{rel}","templated":true}]}}