{"id":499,"date":"2025-06-24T23:21:04","date_gmt":"2025-06-24T20:21:04","guid":{"rendered":"https:\/\/www.kuartzinsaat.com.tr\/about\/"},"modified":"2025-07-13T11:34:20","modified_gmt":"2025-07-13T08:34:20","slug":"about","status":"publish","type":"page","link":"https:\/\/www.kuartzinsaat.com.tr\/en\/about\/","title":{"rendered":"About Us"},"content":{"rendered":"<div class=\"wp-block-uagb-container uagb-block-37fe9e23 alignfull uagb-is-root-container\"><div class=\"uagb-container-inner-blocks-wrap\">\n<div class=\"wp-block-uagb-advanced-heading uagb-block-d36b578f\"><h1 class=\"uagb-heading-text\">About Us<\/h1><\/div>\n<\/div><\/div>\n\n\n\n\n\n<div class=\"wp-block-uagb-container uagb-block-620b2367 alignfull uagb-is-root-container\"><div class=\"uagb-container-inner-blocks-wrap\">\n<div class=\"wp-block-uagb-info-box uagb-block-8879ebff uagb-infobox__content-wrap  uagb-infobox-icon-above-title uagb-infobox-image-valign-top\"><div class=\"uagb-ifb-content\"><div class=\"uagb-ifb-title-wrap\"><h2 class=\"uagb-ifb-title\">About Us<\/h2><\/div><p class=\"uagb-ifb-desc\"><br><strong>Kuartz \u0130n\u015faat<\/strong> is a company specialized in key sectors of the construction industry, including shopping malls, airports and terminal buildings, hotels and accommodation facilities, hospitals and healthcare buildings, industrial plants, and high-quality residential and villa projects.<br>In addition to turnkey solutions, our company also provides services in specialized areas such as architectural construction works, technical insulation applications, and advanced roof and fa\u00e7ade cladding systems.<br>With a strong commitment to customer satisfaction, Kuartz \u0130n\u015faat has taken part in high-value, brand-driven and sustainable projects, establishing long-term collaborations and gaining extensive experience through both domestic and international undertakings.<br>As a solution partner, we actively participate in every phase of the projects we are involved in \u2014 from design to final delivery \u2014 working with a focus on delivering high-quality services with minimal need for revision.<\/p><div class=\"uagb-ifb-button-wrapper wp-block-button\"><a href=\"https:\/\/www.kuartzinsaat.com.tr\/en\/projects\/\" class=\"uagb-infobox-cta-link wp-block-button__link\" target=\"_self\" rel=\"noopener noreferrer\" onclick=\"return true;\"><span class=\"uagb-inline-editing\">Our Projects<\/span><\/a><\/div><\/div><\/div>\n<\/div><\/div>\n\n\n\n\n\n<div class=\"wp-block-uagb-container uagb-block-8fe14de4 alignfull uagb-is-root-container\">\n<div class=\"wp-block-uagb-container uagb-block-a9df32cb\">\n<div class=\"wp-block-uagb-info-box uagb-block-95bb51ac uagb-infobox__content-wrap  uagb-infobox-icon-above-title uagb-infobox-image-valign-top\"><div class=\"uagb-ifb-content\"><div class=\"uagb-ifb-title-wrap\"><h4 class=\"uagb-ifb-title-prefix\">Sustainability<\/h4><h2 class=\"uagb-ifb-title\"><br>We Build Safe Structures for People and the Environment<\/h2><\/div><p class=\"uagb-ifb-desc\"><br>As Kuartz \u0130n\u015faat, we place sustainability, safety, and quality at the core of every project. We are committed to building healthy living spaces and durable structures.<\/p><div class=\"uagb-ifb-button-wrapper wp-block-button\"><a href=\"https:\/\/www.kuartzinsaat.com.tr\/en\/contact\/\" class=\"uagb-infobox-cta-link wp-block-button__link\" target=\"_self\" rel=\"noopener noreferrer\" onclick=\"return true;\"><span class=\"uagb-inline-editing\">ileti\u015fim<\/span><\/a><\/div><\/div><\/div>\n<\/div>\n\n\n\n<div class=\"wp-block-uagb-container uagb-block-290b1d46\">\n<div class=\"wp-block-uagb-advanced-heading uagb-block-33642a4f\"><h3 class=\"uagb-heading-text\">We Take Pride in Our Work<\/h3><p class=\"uagb-desc-text\">We approach every project with quality, on-time delivery, and innovative solutions. We work with precision and aim to exceed expectations.<\/p><\/div>\n\n\n\n<div class=\"wp-block-uagb-icon-list uagb-block-2c5def50\"><div class=\"uagb-icon-list__wrap\">\n<div class=\"wp-block-uagb-icon-list-child uagb-block-6cc6b37f\"><span class=\"uagb-icon-list__source-wrap\"><svg xmlns=\"https:\/\/www.w3.org\/2000\/svg\" viewbox=\"0 0 512 512\"><path d=\"M180.2 243.1C185 263.9 162.2 280.2 144.1 268.8L119.8 253.6l-50.9 81.43c-13.33 21.32 2.004 48.98 27.15 48.98h32.02c17.64 0 31.98 14.32 31.98 31.96c0 17.64-14.34 32.05-31.98 32.05H96.15c-75.36 0-121.3-82.84-81.47-146.8L65.51 219.8L41.15 204.5C23.04 193.1 27.66 165.5 48.48 160.7l91.43-21.15C148.5 137.7 157.2 142.9 159.2 151.6L180.2 243.1zM283.1 78.96l41.25 66.14l-24.25 15.08c-18.16 11.31-13.57 38.94 7.278 43.77l91.4 21.15c8.622 1.995 17.23-3.387 19.21-12.01l21.04-91.43c4.789-20.81-17.95-37.05-36.07-25.76l-24.36 15.2L337.4 45.14c-37.58-60.14-125.2-60.18-162.8-.0617L167.2 56.9C157.9 71.75 162.5 91.58 177.3 100.9c14.92 9.359 34.77 4.886 44.11-10.04l7.442-11.89C241.6 58.58 270.9 59.33 283.1 78.96zM497.3 301.3l-16.99-27.26c-9.336-14.98-29.06-19.56-44.04-10.21c-14.94 9.318-19.52 29.15-10.18 44.08l16.99 27.15c13.35 21.32-1.984 49-27.14 49h-95.99l.0234-28.74c0-21.38-25.85-32.09-40.97-16.97l-66.41 66.43c-6.222 6.223-6.222 16.41 .0044 22.63l66.42 66.34c15.12 15.1 40.95 4.386 40.95-16.98l-.0234-28.68h95.86C491.2 448.1 537.2 365.2 497.3 301.3z\"><\/path><\/svg><\/span><span class=\"uagb-icon-list__label\">Sustainability<\/span><\/div>\n\n\n\n<div class=\"wp-block-uagb-icon-list-child uagb-block-b2b23553\"><span class=\"uagb-icon-list__source-wrap\"><svg xmlns=\"https:\/\/www.w3.org\/2000\/svg\" viewbox=\"0 0 512 512\"><path d=\"M256 512C114.6 512 0 397.4 0 256C0 114.6 114.6 0 256 0C397.4 0 512 114.6 512 256C512 397.4 397.4 512 256 512zM232 256C232 264 236 271.5 242.7 275.1L338.7 339.1C349.7 347.3 364.6 344.3 371.1 333.3C379.3 322.3 376.3 307.4 365.3 300L280 243.2V120C280 106.7 269.3 96 255.1 96C242.7 96 231.1 106.7 231.1 120L232 256z\"><\/path><\/svg><\/span><span class=\"uagb-icon-list__label\">On-Time Delivery<\/span><\/div>\n\n\n\n<div class=\"wp-block-uagb-icon-list-child uagb-block-8f410358\"><span class=\"uagb-icon-list__source-wrap\"><svg xmlns=\"https:\/\/www.w3.org\/2000\/svg\" viewbox=\"0 0 576 512\"><path d=\"M528 0h-480C21.5 0 0 21.5 0 48v320C0 394.5 21.5 416 48 416h192L224 464H152C138.8 464 128 474.8 128 488S138.8 512 152 512h272c13.25 0 24-10.75 24-24s-10.75-24-24-24H352L336 416h192c26.5 0 48-21.5 48-48v-320C576 21.5 554.5 0 528 0zM512 288H64V64h448V288z\"><\/path><\/svg><\/span><span class=\"uagb-icon-list__label\">Modern Technology<\/span><\/div>\n\n\n\n<div class=\"wp-block-uagb-icon-list-child uagb-block-f7bd583c\"><span class=\"uagb-icon-list__source-wrap\"><svg xmlns=\"https:\/\/www.w3.org\/2000\/svg\" viewbox=\"0 0 512 512\"><path d=\"M492.7 42.75C517.7 67.74 517.7 108.3 492.7 133.3L436.3 189.7L322.3 75.72L378.7 19.32C403.7-5.678 444.3-5.678 469.3 19.32L492.7 42.75zM44.89 353.2L299.7 98.34L413.7 212.3L158.8 467.1C152.1 473.8 143.8 478.7 134.6 481.4L30.59 511.1C22.21 513.5 13.19 511.1 7.03 504.1C.8669 498.8-1.47 489.8 .9242 481.4L30.65 377.4C33.26 368.2 38.16 359.9 44.89 353.2zM249.4 103.4L103.4 249.4L16 161.9C-2.745 143.2-2.745 112.8 16 94.06L94.06 16C112.8-2.745 143.2-2.745 161.9 16L181.7 35.76C181.4 36.05 181 36.36 180.7 36.69L116.7 100.7C110.4 106.9 110.4 117.1 116.7 123.3C122.9 129.6 133.1 129.6 139.3 123.3L203.3 59.31C203.6 58.99 203.1 58.65 204.2 58.3L249.4 103.4zM453.7 307.8C453.4 308 453 308.4 452.7 308.7L388.7 372.7C382.4 378.9 382.4 389.1 388.7 395.3C394.9 401.6 405.1 401.6 411.3 395.3L475.3 331.3C475.6 330.1 475.1 330.6 476.2 330.3L496 350.1C514.7 368.8 514.7 399.2 496 417.9L417.9 496C399.2 514.7 368.8 514.7 350.1 496L262.6 408.6L408.6 262.6L453.7 307.8z\"><\/path><\/svg><\/span><span class=\"uagb-icon-list__label\">Innovative Designs<\/span><\/div>\n<\/div><\/div>\n<\/div>\n<\/div>","protected":false},"excerpt":{"rendered":"<p>Hakk\u0131m\u0131zda \u0130\u015fimizi Benimsiyoruz Her projede kalite, zaman\u0131nda teslimat ve yenilik\u00e7i \u00e7\u00f6z\u00fcmlerle \u00e7al\u0131\u015f\u0131yoruz. \u0130\u015fimizi titizlikle yap\u0131yor, beklentileri a\u015fmay\u0131 hedefliyoruz.<\/p>","protected":false},"author":1,"featured_media":0,"parent":0,"menu_order":0,"comment_status":"closed","ping_status":"closed","template":"","meta":{"_uag_custom_page_level_css":"","site-sidebar-layout":"no-sidebar","site-content-layout":"plain-container","ast-site-content-layout":"normal-width-container","site-content-style":"unboxed","site-sidebar-style":"unboxed","ast-global-header-display":"","ast-banner-title-visibility":"","ast-main-header-display":"","ast-hfb-above-header-display":"","ast-hfb-below-header-display":"","ast-hfb-mobile-header-display":"","site-post-title":"disabled","ast-breadcrumbs-content":"","ast-featured-img":"disabled","footer-sml-layout":"","theme-transparent-header-meta":"enabled","adv-header-id-meta":"","stick-header-meta":"","header-above-stick-meta":"","header-main-stick-meta":"","header-below-stick-meta":"","astra-migrate-meta-layouts":"set","ast-page-background-enabled":"default","ast-page-background-meta":{"desktop":{"background-color":"var(--ast-global-color-4)","background-image":"","background-repeat":"repeat","background-position":"center center","background-size":"auto","background-attachment":"scroll","background-type":"","background-media":"","overlay-type":"","overlay-color":"","overlay-opacity":"","overlay-gradient":""},"tablet":{"background-color":"","background-image":"","background-repeat":"repeat","background-position":"center center","background-size":"auto","background-attachment":"scroll","background-type":"","background-media":"","overlay-type":"","overlay-color":"","overlay-opacity":"","overlay-gradient":""},"mobile":{"background-color":"","background-image":"","background-repeat":"repeat","background-position":"center center","background-size":"auto","background-attachment":"scroll","background-type":"","background-media":"","overlay-type":"","overlay-color":"","overlay-opacity":"","overlay-gradient":""}},"ast-content-background-meta":{"desktop":{"background-color":"var(--ast-global-color-5)","background-image":"","background-repeat":"repeat","background-position":"center center","background-size":"auto","background-attachment":"scroll","background-type":"","background-media":"","overlay-type":"","overlay-color":"","overlay-opacity":"","overlay-gradient":""},"tablet":{"background-color":"var(--ast-global-color-5)","background-image":"","background-repeat":"repeat","background-position":"center center","background-size":"auto","background-attachment":"scroll","background-type":"","background-media":"","overlay-type":"","overlay-color":"","overlay-opacity":"","overlay-gradient":""},"mobile":{"background-color":"var(--ast-global-color-5)","background-image":"","background-repeat":"repeat","background-position":"center center","background-size":"auto","background-attachment":"scroll","background-type":"","background-media":"","overlay-type":"","overlay-color":"","overlay-opacity":"","overlay-gradient":""}},"footnotes":""},"class_list":["post-499","page","type-page","status-publish","hentry"],"uagb_featured_image_src":{"full":false,"thumbnail":false,"medium":false,"medium_large":false,"large":false,"1536x1536":false,"2048x2048":false,"trp-custom-language-flag":false},"uagb_author_info":{"display_name":"admin","author_link":"https:\/\/www.kuartzinsaat.com.tr\/en\/author\/admin\/"},"uagb_comment_info":0,"uagb_excerpt":"Hakk\u0131m\u0131zda \u0130\u015fimizi Benimsiyoruz Her projede kalite, zaman\u0131nda teslimat ve yenilik\u00e7i \u00e7\u00f6z\u00fcmlerle \u00e7al\u0131\u015f\u0131yoruz. \u0130\u015fimizi titizlikle yap\u0131yor, beklentileri a\u015fmay\u0131 hedefliyoruz.","_links":{"self":[{"href":"https:\/\/www.kuartzinsaat.com.tr\/en\/wp-json\/wp\/v2\/pages\/499","targetHints":{"allow":["GET"]}}],"collection":[{"href":"https:\/\/www.kuartzinsaat.com.tr\/en\/wp-json\/wp\/v2\/pages"}],"about":[{"href":"https:\/\/www.kuartzinsaat.com.tr\/en\/wp-json\/wp\/v2\/types\/page"}],"author":[{"embeddable":true,"href":"https:\/\/www.kuartzinsaat.com.tr\/en\/wp-json\/wp\/v2\/users\/1"}],"replies":[{"embeddable":true,"href":"https:\/\/www.kuartzinsaat.com.tr\/en\/wp-json\/wp\/v2\/comments?post=499"}],"version-history":[{"count":9,"href":"https:\/\/www.kuartzinsaat.com.tr\/en\/wp-json\/wp\/v2\/pages\/499\/revisions"}],"predecessor-version":[{"id":2247,"href":"https:\/\/www.kuartzinsaat.com.tr\/en\/wp-json\/wp\/v2\/pages\/499\/revisions\/2247"}],"wp:attachment":[{"href":"https:\/\/www.kuartzinsaat.com.tr\/en\/wp-json\/wp\/v2\/media?parent=499"}],"curies":[{"name":"wp","href":"https:\/\/api.w.org\/{rel}","templated":true}]}}